{"id":1559,"date":"2023-03-09T13:58:50","date_gmt":"2023-03-09T19:58:50","guid":{"rendered":"https:\/\/www.aztecagas.com.mx\/?page_id=1559"},"modified":"2023-03-09T15:19:29","modified_gmt":"2023-03-09T21:19:29","slug":"cfdi-4-0-en-azteca-gas-ya-contamos-con-facturacion-4-0","status":"publish","type":"page","link":"https:\/\/www.aztecagas.com.mx\/index.php\/cfdi-4-0-en-azteca-gas-ya-contamos-con-facturacion-4-0\/","title":{"rendered":"CFDI 4.0 en Azteca Gas ya contamos con facturaci\u00f3n 4.0"},"content":{"rendered":"<p>[et_pb_section fb_built=\u00bb1&#8243; _builder_version=\u00bb4.16&#8243; global_colors_info=\u00bb{}\u00bb][et_pb_row _builder_version=\u00bb4.16&#8243; background_size=\u00bbinitial\u00bb background_position=\u00bbtop_left\u00bb background_repeat=\u00bbrepeat\u00bb global_colors_info=\u00bb{}\u00bb][et_pb_column type=\u00bb4_4&#8243; _builder_version=\u00bb4.16&#8243; custom_padding=\u00bb|||\u00bb global_colors_info=\u00bb{}\u00bb custom_padding__hover=\u00bb|||\u00bb][et_pb_text _builder_version=\u00bb4.19.4&#8243; background_size=\u00bbinitial\u00bb background_position=\u00bbtop_left\u00bb background_repeat=\u00bbrepeat\u00bb hover_enabled=\u00bb0&#8243; global_colors_info=\u00bb{}\u00bb sticky_enabled=\u00bb0&#8243;]<\/p>\n<h2>La versi\u00f3n 4.0 de CFDI incluye datos m\u00e1s precisos sobre emisores, destinatarios y tipos de transacciones, y entrar\u00e1 en vigor a partir del 1 de abril de 2023.<\/h2>\n<p>[\/et_pb_text][\/et_pb_column][\/et_pb_row][et_pb_row column_structure=\u00bb1_2,1_2&#8243; _builder_version=\u00bb4.19.4&#8243; _module_preset=\u00bbdefault\u00bb hover_enabled=\u00bb0&#8243; global_colors_info=\u00bb{}\u00bb custom_padding=\u00bb|10px||10px|false|false\u00bb sticky_enabled=\u00bb0&#8243;][et_pb_column type=\u00bb1_2&#8243; _builder_version=\u00bb4.19.4&#8243; _module_preset=\u00bbdefault\u00bb global_colors_info=\u00bb{}\u00bb][et_pb_text _builder_version=\u00bb4.19.4&#8243; _module_preset=\u00bbdefault\u00bb hover_enabled=\u00bb0&#8243; global_colors_info=\u00bb{}\u00bb sticky_enabled=\u00bb0&#8243;]<\/p>\n<p><img loading=\"lazy\" decoding=\"async\" src=\"https:\/\/www.aztecagas.com.mx\/wp-content\/uploads\/2023\/03\/AgImg.jpg\" width=\"1200\" height=\"1200\" alt=\"\" class=\"wp-image-1565 alignnone size-full\" \/><\/p>\n<p>[\/et_pb_text][\/et_pb_column][et_pb_column type=\u00bb1_2&#8243; _builder_version=\u00bb4.19.4&#8243; _module_preset=\u00bbdefault\u00bb global_colors_info=\u00bb{}\u00bb][et_pb_text _builder_version=\u00bb4.19.4&#8243; background_size=\u00bbinitial\u00bb background_position=\u00bbtop_left\u00bb background_repeat=\u00bbrepeat\u00bb hover_enabled=\u00bb0&#8243; global_colors_info=\u00bb{}\u00bb sticky_enabled=\u00bb0&#8243;]<\/p>\n<p style=\"text-align: justify;\">En 2022 se anuncia una nueva Facturaci\u00f3n 4.0, que reemplaza a la versi\u00f3n 3.3, vigente desde 2017. Estos cambios al CFDI entraron en vigor el 1 de enero de 2022, pero hubo un per\u00edodo de convivencia entre ambas versiones hasta el 30 de abril del mismo a\u00f1o. No obstante, para que las empresas se adapten, la Administraci\u00f3n Tributaria del Estado ha ampliado el plazo hasta el 31 de marzo de 2023, es decir, a partir del 1 de abril de 2023 solo es v\u00e1lida la nueva versi\u00f3n de la factura electr\u00f3nica, y el uso de la antigua versi\u00f3n de la factura puede ser sancionada.<\/p>\n<p>[\/et_pb_text][\/et_pb_column][\/et_pb_row][et_pb_row column_structure=\u00bb1_2,1_2&#8243; _builder_version=\u00bb4.19.4&#8243; _module_preset=\u00bbdefault\u00bb global_colors_info=\u00bb{}\u00bb][et_pb_column type=\u00bb1_2&#8243; _builder_version=\u00bb4.19.4&#8243; _module_preset=\u00bbdefault\u00bb global_colors_info=\u00bb{}\u00bb][et_pb_text _builder_version=\u00bb4.19.4&#8243; _module_preset=\u00bbdefault\u00bb hover_enabled=\u00bb0&#8243; global_colors_info=\u00bb{}\u00bb sticky_enabled=\u00bb0&#8243;]<\/p>\n<p style=\"text-align: justify;\"><strong>\u00bfQu\u00e9 es CFDI 4.0?<\/strong><\/p>\n<p style=\"text-align: justify;\">CFDI 4.0 es una nueva versi\u00f3n de los comprobantes fiscales digitales basados \u200b\u200ben Internet con vigencia a partir del 1 de enero de 2022, que los contribuyentes deben utilizar para emitir facturas electr\u00f3nicas, en sustituci\u00f3n de la versi\u00f3n anterior (CFDI 3.3).<\/p>\n<p style=\"text-align: justify;\">CFDI 4.0 afecta todos los procesos de emisi\u00f3n y recepci\u00f3n de facturas electr\u00f3nicas y otros procesos relacionados como CFDI retenciones o complemento de pago, Carta Porte o n\u00f3mina, etc.<\/p>\n<p>[\/et_pb_text][\/et_pb_column][et_pb_column type=\u00bb1_2&#8243; _builder_version=\u00bb4.19.4&#8243; _module_preset=\u00bbdefault\u00bb global_colors_info=\u00bb{}\u00bb][et_pb_text _builder_version=\u00bb4.19.4&#8243; _module_preset=\u00bbdefault\u00bb hover_enabled=\u00bb0&#8243; global_colors_info=\u00bb{}\u00bb sticky_enabled=\u00bb0&#8243;]<\/p>\n<p style=\"text-align: justify;\"><strong>Coexistencia de CFDI 3.3 y CFDI 4.0<\/strong><\/p>\n<p style=\"text-align: justify;\">De acuerdo con la cl\u00e1usula resolutiva primera de la resoluci\u00f3n quinta de la reforma a la primera versi\u00f3n anticipada de la Resoluci\u00f3n Miscel\u00e1nea Tributaria 2022 (RMF 2022), las versiones CFDI 3.3 y CFDI 4.0 pueden coexistir hasta el 31 de marzo de 2023.<\/p>\n<p style=\"text-align: justify;\">Por lo tanto, a la fecha de revisi\u00f3n de este art\u00edculo, la versi\u00f3n 4.0 de la facturaci\u00f3n electr\u00f3nica es obligatoria a partir del 1 de abril de 2023.<\/p>\n<p>[\/et_pb_text][\/et_pb_column][\/et_pb_row][et_pb_row _builder_version=\u00bb4.16&#8243; background_size=\u00bbinitial\u00bb background_position=\u00bbtop_left\u00bb background_repeat=\u00bbrepeat\u00bb global_colors_info=\u00bb{}\u00bb][et_pb_column type=\u00bb4_4&#8243; _builder_version=\u00bb4.16&#8243; custom_padding=\u00bb|||\u00bb global_colors_info=\u00bb{}\u00bb custom_padding__hover=\u00bb|||\u00bb][et_pb_text _builder_version=\u00bb4.19.4&#8243; background_size=\u00bbinitial\u00bb background_position=\u00bbtop_left\u00bb background_repeat=\u00bbrepeat\u00bb hover_enabled=\u00bb0&#8243; global_colors_info=\u00bb{}\u00bb sticky_enabled=\u00bb0&#8243;]<\/p>\n<p style=\"text-align: justify;\">Los contribuyentes podr\u00e1n seguir utilizando el CFDI 4.0 o el CFDI 3.3 indistintamente a lo largo de 2022 para adaptar sus sistemas a los nuevos requisitos impuestos por la Administraci\u00f3n Tributaria del Estado.<\/p>\n<p style=\"text-align: justify;\">Sin embargo, se recomienda no retrasar la implementaci\u00f3n del proyecto de migraci\u00f3n del nuevo formato y comenzar a publicar lo antes posible de acuerdo con las nuevas especificaciones, para evitar sanciones o denegaciones de visa inmediatamente despu\u00e9s del lanzamiento. obligatorio. Solo en formato 4.0.<\/p>\n<p>[\/et_pb_text][\/et_pb_column][\/et_pb_row][\/et_pb_section]<\/p>\n","protected":false},"excerpt":{"rendered":"<p>La versi\u00f3n 4.0 de CFDI incluye datos m\u00e1s precisos sobre emisores, destinatarios y tipos de transacciones, y entrar\u00e1 en vigor a partir del 1 de abril de 2023.En 2022 se anuncia una nueva Facturaci\u00f3n 4.0, que reemplaza a la versi\u00f3n 3.3, vigente desde 2017. Estos cambios al CFDI entraron en vigor el 1 de enero [&hellip;]<\/p>\n","protected":false},"author":2,"featured_media":0,"parent":0,"menu_order":0,"comment_status":"closed","ping_status":"closed","template":"","meta":{"_et_pb_use_builder":"on","_et_pb_old_content":"<p>La versi\u00f3n 4.0 de CFDI incluye datos m\u00e1s precisos sobre emisores, destinatarios y tipos de transacciones, y entrar\u00e1 en vigor a partir del 1 de abril de 2023.<\/p><p>En 2022 se anuncia una nueva Facturaci\u00f3n 4.0, que reemplaza a la versi\u00f3n 3.3, vigente desde 2017. Estos cambios al CFDI entraron en vigor el 1 de enero de 2022, pero hubo un per\u00edodo de convivencia entre ambas versiones hasta el 30 de abril del mismo a\u00f1o. No obstante, para que las empresas se adapten, la Administraci\u00f3n Tributaria del Estado ha ampliado el plazo hasta el 31 de marzo de 2023, es decir, a partir del 1 de abril de 2023 solo es v\u00e1lida la nueva versi\u00f3n de la factura electr\u00f3nica, y el uso de la antigua versi\u00f3n de la factura puede ser sancionada.<\/p><p><strong>\u00bfQu\u00e9 es CFDI 4.0?<\/strong><\/p><p>CFDI 4.0 es una nueva versi\u00f3n de los comprobantes fiscales digitales basados \u200b\u200ben Internet con vigencia a partir del 1 de enero de 2022, que los contribuyentes deben utilizar para emitir facturas electr\u00f3nicas, en sustituci\u00f3n de la versi\u00f3n anterior (CFDI 3.3).<\/p><p>CFDI 4.0 afecta todos los procesos de emisi\u00f3n y recepci\u00f3n de facturas electr\u00f3nicas y otros procesos relacionados como CFDI retenciones o complemento de pago, Carta Porte o n\u00f3mina, etc.<\/p><p><strong>Coexistencia de CFDI 3.3 y CFDI 4.0<\/strong><\/p><p>De acuerdo con la cl\u00e1usula resolutiva primera de la resoluci\u00f3n quinta de la reforma a la primera versi\u00f3n anticipada de la Resoluci\u00f3n Miscel\u00e1nea Tributaria 2022 (RMF 2022), las versiones CFDI 3.3 y CFDI 4.0 pueden coexistir hasta el 31 de marzo de 2023.<\/p><p>Por lo tanto, a la fecha de revisi\u00f3n de este art\u00edculo, la versi\u00f3n 4.0 de la facturaci\u00f3n electr\u00f3nica es obligatoria a partir del 1 de abril de 2023.<\/p><p>Los contribuyentes podr\u00e1n seguir utilizando el CFDI 4.0 o el CFDI 3.3 indistintamente a lo largo de 2022 para adaptar sus sistemas a los nuevos requisitos impuestos por la Administraci\u00f3n Tributaria del Estado.<\/p><p>Sin embargo, se recomienda no retrasar la implementaci\u00f3n del proyecto de migraci\u00f3n del nuevo formato y comenzar a publicar lo antes posible de acuerdo con las nuevas especificaciones, para evitar sanciones o denegaciones de visa inmediatamente despu\u00e9s del lanzamiento. obligatorio. Solo en formato 4.0.<\/p>","_et_gb_content_width":"","footnotes":""},"class_list":["post-1559","page","type-page","status-publish","hentry"],"_links":{"self":[{"href":"https:\/\/www.aztecagas.com.mx\/index.php\/wp-json\/wp\/v2\/pages\/1559","targetHints":{"allow":["GET"]}}],"collection":[{"href":"https:\/\/www.aztecagas.com.mx\/index.php\/wp-json\/wp\/v2\/pages"}],"about":[{"href":"https:\/\/www.aztecagas.com.mx\/index.php\/wp-json\/wp\/v2\/types\/page"}],"author":[{"embeddable":true,"href":"https:\/\/www.aztecagas.com.mx\/index.php\/wp-json\/wp\/v2\/users\/2"}],"replies":[{"embeddable":true,"href":"https:\/\/www.aztecagas.com.mx\/index.php\/wp-json\/wp\/v2\/comments?post=1559"}],"version-history":[{"count":5,"href":"https:\/\/www.aztecagas.com.mx\/index.php\/wp-json\/wp\/v2\/pages\/1559\/revisions"}],"predecessor-version":[{"id":1570,"href":"https:\/\/www.aztecagas.com.mx\/index.php\/wp-json\/wp\/v2\/pages\/1559\/revisions\/1570"}],"wp:attachment":[{"href":"https:\/\/www.aztecagas.com.mx\/index.php\/wp-json\/wp\/v2\/media?parent=1559"}],"curies":[{"name":"wp","href":"https:\/\/api.w.org\/{rel}","templated":true}]}}